{"id":11626,"date":"2026-04-07T16:16:32","date_gmt":"2026-04-07T15:16:32","guid":{"rendered":"https:\/\/silenthome.com\/produto\/vela-perfumada-leaves-nais-24cm-baobab-collection\/"},"modified":"2026-04-10T18:31:31","modified_gmt":"2026-04-10T17:31:31","slug":"vela-perfumada-leaves-nais-24cm-baobab-collection","status":"publish","type":"product","link":"https:\/\/silenthome.com\/en\/product\/vela-perfumada-leaves-nais-24cm-baobab-collection\/","title":{"rendered":"Scented Candle Leaves Nais 24cm Baobab Collection"},"content":{"rendered":"","protected":false},"excerpt":{"rendered":"<p>Entre tons minerais e reflexos org\u00e2nicos, o vidro soprado \u00e0 m\u00e3o de Na\u00efs capta a ess\u00eancia serena das estradas sombreadas por pl\u00e1tanos na Proven\u00e7a. A bergamota ilumina a abertura com um brilho c\u00edtrico subtil, o l\u00edrio-do-vale suaviza o cora\u00e7\u00e3o floral e o cipreste confere estrutura e car\u00e1cter. Um equil\u00edbrio harmonioso entre frescura, delicadeza e profundidade.<\/p>\n<p>Notas ofativas: Bergamota, L\u00edrio-do-vale, Cipreste<\/p>","protected":false},"featured_media":11680,"comment_status":"open","ping_status":"closed","template":"","meta":{"_acf_changed":false},"product_brand":[],"product_cat":[52,53],"product_tag":[],"class_list":{"0":"post-11626","1":"product","2":"type-product","3":"status-publish","4":"has-post-thumbnail","6":"product_cat-fragrancias","7":"product_cat-velas","9":"first","10":"instock","11":"taxable","12":"shipping-taxable","13":"purchasable","14":"product-type-simple"},"acf":[],"aioseo_notices":[],"_links":{"self":[{"href":"https:\/\/silenthome.com\/en\/wp-json\/wp\/v2\/product\/11626","targetHints":{"allow":["GET"]}}],"collection":[{"href":"https:\/\/silenthome.com\/en\/wp-json\/wp\/v2\/product"}],"about":[{"href":"https:\/\/silenthome.com\/en\/wp-json\/wp\/v2\/types\/product"}],"replies":[{"embeddable":true,"href":"https:\/\/silenthome.com\/en\/wp-json\/wp\/v2\/comments?post=11626"}],"wp:featuredmedia":[{"embeddable":true,"href":"https:\/\/silenthome.com\/en\/wp-json\/wp\/v2\/media\/11680"}],"wp:attachment":[{"href":"https:\/\/silenthome.com\/en\/wp-json\/wp\/v2\/media?parent=11626"}],"wp:term":[{"taxonomy":"product_brand","embeddable":true,"href":"https:\/\/silenthome.com\/en\/wp-json\/wp\/v2\/product_brand?post=11626"},{"taxonomy":"product_cat","embeddable":true,"href":"https:\/\/silenthome.com\/en\/wp-json\/wp\/v2\/product_cat?post=11626"},{"taxonomy":"product_tag","embeddable":true,"href":"https:\/\/silenthome.com\/en\/wp-json\/wp\/v2\/product_tag?post=11626"}],"curies":[{"name":"wp","href":"https:\/\/api.w.org\/{rel}","templated":true}]}}