{"id":11623,"date":"2026-04-07T16:16:29","date_gmt":"2026-04-07T15:16:29","guid":{"rendered":"https:\/\/silenthome.com\/produto\/vela-perfumada-arabian-nights-24cm-baobab-collection\/"},"modified":"2026-04-10T18:31:32","modified_gmt":"2026-04-10T17:31:32","slug":"vela-perfumada-arabian-nights-24cm-baobab-collection","status":"publish","type":"product","link":"https:\/\/silenthome.com\/en\/product\/vela-perfumada-arabian-nights-24cm-baobab-collection\/","title":{"rendered":"Scented Candle Arabian Nights 24cm Baobab Collection"},"content":{"rendered":"","protected":false},"excerpt":{"rendered":"<p>A vela perfumada Arabian Nights transporta-nos para o universo misterioso do M\u00e9dio Oriente, atrav\u00e9s do vidro serigrafado com ouro de 24 quilates, inspirado nos delicados padr\u00f5es vazados do moucharabieh da arquitetura \u00e1rabe. A chama projeta sombras envolventes, enquanto a fragr\u00e2ncia intensa de a\u00e7afr\u00e3o, oud e incenso convida a uma viagem imagin\u00e1ria pela terra das mil e uma noites.<\/p>\n<p>Notas ofativas: A\u00e7afr\u00e3o, Oud, Incenso<\/p>","protected":false},"featured_media":11679,"comment_status":"open","ping_status":"closed","template":"","meta":{"_acf_changed":false},"product_brand":[],"product_cat":[52,53],"product_tag":[],"class_list":{"0":"post-11623","1":"product","2":"type-product","3":"status-publish","4":"has-post-thumbnail","6":"product_cat-fragrancias","7":"product_cat-velas","9":"first","10":"instock","11":"taxable","12":"shipping-taxable","13":"purchasable","14":"product-type-simple"},"acf":[],"aioseo_notices":[],"_links":{"self":[{"href":"https:\/\/silenthome.com\/en\/wp-json\/wp\/v2\/product\/11623","targetHints":{"allow":["GET"]}}],"collection":[{"href":"https:\/\/silenthome.com\/en\/wp-json\/wp\/v2\/product"}],"about":[{"href":"https:\/\/silenthome.com\/en\/wp-json\/wp\/v2\/types\/product"}],"replies":[{"embeddable":true,"href":"https:\/\/silenthome.com\/en\/wp-json\/wp\/v2\/comments?post=11623"}],"wp:featuredmedia":[{"embeddable":true,"href":"https:\/\/silenthome.com\/en\/wp-json\/wp\/v2\/media\/11679"}],"wp:attachment":[{"href":"https:\/\/silenthome.com\/en\/wp-json\/wp\/v2\/media?parent=11623"}],"wp:term":[{"taxonomy":"product_brand","embeddable":true,"href":"https:\/\/silenthome.com\/en\/wp-json\/wp\/v2\/product_brand?post=11623"},{"taxonomy":"product_cat","embeddable":true,"href":"https:\/\/silenthome.com\/en\/wp-json\/wp\/v2\/product_cat?post=11623"},{"taxonomy":"product_tag","embeddable":true,"href":"https:\/\/silenthome.com\/en\/wp-json\/wp\/v2\/product_tag?post=11623"}],"curies":[{"name":"wp","href":"https:\/\/api.w.org\/{rel}","templated":true}]}}