{"id":11620,"date":"2026-04-07T16:16:27","date_gmt":"2026-04-07T15:16:27","guid":{"rendered":"https:\/\/silenthome.com\/produto\/vela-perfumada-my-first-baobab-women-08cm-baobab-collection\/"},"modified":"2026-04-10T18:31:37","modified_gmt":"2026-04-10T17:31:37","slug":"vela-perfumada-my-first-baobab-women-08cm-baobab-collection","status":"publish","type":"product","link":"https:\/\/silenthome.com\/en\/product\/vela-perfumada-my-first-baobab-women-08cm-baobab-collection\/","title":{"rendered":"Scented Candle My First Baobab Women 08cm Baobab Collection"},"content":{"rendered":"","protected":false},"excerpt":{"rendered":"<p>Inspirada na est\u00e9tica dos anos 70, a imagem do My First Baobab Aurum foi criada com uma abordagem contempor\u00e2nea e criativa, refletindo a identidade \u00fanica da marca.<br \/>\nA fragr\u00e2ncia elegante combina as notas suaves de jasmim com a profundidade envolvente do alm\u00edscar, criando uma experi\u00eancia olfativa sofisticada.<\/p>\n<p>Notas ofativas: Magn\u00f3lia, Rosa e Musk<\/p>","protected":false},"featured_media":11670,"comment_status":"open","ping_status":"closed","template":"","meta":{"_acf_changed":false},"product_brand":[],"product_cat":[52,53],"product_tag":[],"class_list":{"0":"post-11620","1":"product","2":"type-product","3":"status-publish","4":"has-post-thumbnail","6":"product_cat-fragrancias","7":"product_cat-velas","9":"first","10":"instock","11":"taxable","12":"shipping-taxable","13":"purchasable","14":"product-type-simple"},"acf":[],"aioseo_notices":[],"_links":{"self":[{"href":"https:\/\/silenthome.com\/en\/wp-json\/wp\/v2\/product\/11620","targetHints":{"allow":["GET"]}}],"collection":[{"href":"https:\/\/silenthome.com\/en\/wp-json\/wp\/v2\/product"}],"about":[{"href":"https:\/\/silenthome.com\/en\/wp-json\/wp\/v2\/types\/product"}],"replies":[{"embeddable":true,"href":"https:\/\/silenthome.com\/en\/wp-json\/wp\/v2\/comments?post=11620"}],"wp:featuredmedia":[{"embeddable":true,"href":"https:\/\/silenthome.com\/en\/wp-json\/wp\/v2\/media\/11670"}],"wp:attachment":[{"href":"https:\/\/silenthome.com\/en\/wp-json\/wp\/v2\/media?parent=11620"}],"wp:term":[{"taxonomy":"product_brand","embeddable":true,"href":"https:\/\/silenthome.com\/en\/wp-json\/wp\/v2\/product_brand?post=11620"},{"taxonomy":"product_cat","embeddable":true,"href":"https:\/\/silenthome.com\/en\/wp-json\/wp\/v2\/product_cat?post=11620"},{"taxonomy":"product_tag","embeddable":true,"href":"https:\/\/silenthome.com\/en\/wp-json\/wp\/v2\/product_tag?post=11620"}],"curies":[{"name":"wp","href":"https:\/\/api.w.org\/{rel}","templated":true}]}}