{"id":11613,"date":"2026-04-07T16:16:22","date_gmt":"2026-04-07T15:16:22","guid":{"rendered":"https:\/\/silenthome.com\/produto\/vela-perfumada-women-10cm-baobab-collection\/"},"modified":"2026-04-10T18:31:48","modified_gmt":"2026-04-10T17:31:48","slug":"vela-perfumada-women-10cm-baobab-collection","status":"publish","type":"product","link":"https:\/\/silenthome.com\/en\/product\/vela-perfumada-women-10cm-baobab-collection\/","title":{"rendered":"Scented Candle Women 10cm Baobab Collection"},"content":{"rendered":"","protected":false},"excerpt":{"rendered":"<p>A Baobab Collection apoia a pesquisa do c\u00e2ncer de mama com a Funda\u00e7\u00e3o Fournier-Majoie. Uma porcentagem dos lucros das velas Women \u00e9 doada \u00e0 funda\u00e7\u00e3o. Com esta cole\u00e7\u00e3o, a Baobab Collection espera demonstrar seu amor pelas mulheres e se compromete a apoiar uma causa que afeta a todos de uma forma ou de outra: a pesquisa do c\u00e2ncer de mama. A vela perfumada Women possui uma delicada impress\u00e3o em ouro amarelo 24 quilates. O design representa o s\u00edmbolo feminino, tratado como um elemento gr\u00e1fico. Este padr\u00e3o rosa claro \u00e9 contornado por uma linha dourada como um lembrete de qu\u00e3o preciosas as mulheres realmente s\u00e3o.<\/p>\n<p>Notas ofativas: Magn\u00f3lia, Rosa e Alm\u00edscar<\/p>","protected":false},"featured_media":11657,"comment_status":"open","ping_status":"closed","template":"","meta":{"_acf_changed":false},"product_brand":[],"product_cat":[52,53],"product_tag":[],"class_list":{"0":"post-11613","1":"product","2":"type-product","3":"status-publish","4":"has-post-thumbnail","6":"product_cat-fragrancias","7":"product_cat-velas","9":"first","10":"instock","11":"taxable","12":"shipping-taxable","13":"purchasable","14":"product-type-simple"},"acf":[],"aioseo_notices":[],"_links":{"self":[{"href":"https:\/\/silenthome.com\/en\/wp-json\/wp\/v2\/product\/11613","targetHints":{"allow":["GET"]}}],"collection":[{"href":"https:\/\/silenthome.com\/en\/wp-json\/wp\/v2\/product"}],"about":[{"href":"https:\/\/silenthome.com\/en\/wp-json\/wp\/v2\/types\/product"}],"replies":[{"embeddable":true,"href":"https:\/\/silenthome.com\/en\/wp-json\/wp\/v2\/comments?post=11613"}],"wp:featuredmedia":[{"embeddable":true,"href":"https:\/\/silenthome.com\/en\/wp-json\/wp\/v2\/media\/11657"}],"wp:attachment":[{"href":"https:\/\/silenthome.com\/en\/wp-json\/wp\/v2\/media?parent=11613"}],"wp:term":[{"taxonomy":"product_brand","embeddable":true,"href":"https:\/\/silenthome.com\/en\/wp-json\/wp\/v2\/product_brand?post=11613"},{"taxonomy":"product_cat","embeddable":true,"href":"https:\/\/silenthome.com\/en\/wp-json\/wp\/v2\/product_cat?post=11613"},{"taxonomy":"product_tag","embeddable":true,"href":"https:\/\/silenthome.com\/en\/wp-json\/wp\/v2\/product_tag?post=11613"}],"curies":[{"name":"wp","href":"https:\/\/api.w.org\/{rel}","templated":true}]}}