{"id":11599,"date":"2026-04-07T16:16:13","date_gmt":"2026-04-07T15:16:13","guid":{"rendered":"https:\/\/silenthome.com\/produto\/difusor-pearls-black-500-ml-baobab-collection\/"},"modified":"2026-04-11T12:51:50","modified_gmt":"2026-04-11T11:51:50","slug":"difusor-pearls-black-500-ml-baobab-collection","status":"publish","type":"product","link":"https:\/\/silenthome.com\/en\/product\/difusor-pearls-black-500-ml-baobab-collection\/","title":{"rendered":"Diffuser Pearls Black 500 ML Baobab Collection"},"content":{"rendered":"","protected":false},"excerpt":{"rendered":"<p>Soprado \u00e0 m\u00e3o por artes\u00e3os do vidro, o frasco \u00e9 decorado com detalhes pretos e iridescentes que remetem \u00e0s p\u00e9rolas negras do Oceano Pac\u00edfico. A tampa decorativa e escultural \u00e9 feita de cer\u00e2mica esmaltada com um relevo gr\u00e1fico, um toque inesperado que confere \u00e0 garrafa um aspecto tribal e ornamentado.<br \/>\n*O perfume e os difusores est\u00e3o inclu\u00eddos.<\/p>\n<p>Notas ofativas: Gengibre, Rosa e Toranja<\/p>","protected":false},"featured_media":11638,"comment_status":"open","ping_status":"closed","template":"","meta":{"_acf_changed":false},"product_brand":[],"product_cat":[54,52],"product_tag":[],"class_list":{"0":"post-11599","1":"product","2":"type-product","3":"status-publish","4":"has-post-thumbnail","6":"product_cat-difusores","7":"product_cat-fragrancias","9":"first","10":"instock","11":"taxable","12":"shipping-taxable","13":"purchasable","14":"product-type-simple"},"acf":[],"aioseo_notices":[],"_links":{"self":[{"href":"https:\/\/silenthome.com\/en\/wp-json\/wp\/v2\/product\/11599","targetHints":{"allow":["GET"]}}],"collection":[{"href":"https:\/\/silenthome.com\/en\/wp-json\/wp\/v2\/product"}],"about":[{"href":"https:\/\/silenthome.com\/en\/wp-json\/wp\/v2\/types\/product"}],"replies":[{"embeddable":true,"href":"https:\/\/silenthome.com\/en\/wp-json\/wp\/v2\/comments?post=11599"}],"wp:featuredmedia":[{"embeddable":true,"href":"https:\/\/silenthome.com\/en\/wp-json\/wp\/v2\/media\/11638"}],"wp:attachment":[{"href":"https:\/\/silenthome.com\/en\/wp-json\/wp\/v2\/media?parent=11599"}],"wp:term":[{"taxonomy":"product_brand","embeddable":true,"href":"https:\/\/silenthome.com\/en\/wp-json\/wp\/v2\/product_brand?post=11599"},{"taxonomy":"product_cat","embeddable":true,"href":"https:\/\/silenthome.com\/en\/wp-json\/wp\/v2\/product_cat?post=11599"},{"taxonomy":"product_tag","embeddable":true,"href":"https:\/\/silenthome.com\/en\/wp-json\/wp\/v2\/product_tag?post=11599"}],"curies":[{"name":"wp","href":"https:\/\/api.w.org\/{rel}","templated":true}]}}