{"id":11597,"date":"2026-04-07T16:16:11","date_gmt":"2026-04-07T15:16:11","guid":{"rendered":"https:\/\/silenthome.com\/produto\/difusor-arabian-nights-500-ml-baobab-collection\/"},"modified":"2026-04-10T18:32:14","modified_gmt":"2026-04-10T17:32:14","slug":"difusor-arabian-nights-500-ml-baobab-collection","status":"publish","type":"product","link":"https:\/\/silenthome.com\/en\/product\/difusor-arabian-nights-500-ml-baobab-collection\/","title":{"rendered":"Arabian Nights Diffuser 500ml Baobab Collection"},"content":{"rendered":"","protected":false},"excerpt":{"rendered":"<p>O difusor de perfume Arabian Nights libera uma fragr\u00e2ncia amadeirada por toda a sua casa. O frasco de vidro, decorado com uma serigrafia em preto e dourado, possui um requinte primoroso que evoca os pal\u00e1cios do Oriente M\u00e9dio. O padr\u00e3o precioso, inspirado no famoso moucharabieh, confere ao frasco uma identidade decorativa que o torna quase uma pe\u00e7a de colecionador.<\/p>\n<p>Notas ofativas: A\u00e7afr\u00e3o, Oud, Incenso<\/p>","protected":false},"featured_media":11630,"comment_status":"open","ping_status":"closed","template":"","meta":{"_acf_changed":false},"product_brand":[],"product_cat":[54,52],"product_tag":[],"class_list":{"0":"post-11597","1":"product","2":"type-product","3":"status-publish","4":"has-post-thumbnail","6":"product_cat-difusores","7":"product_cat-fragrancias","9":"first","10":"instock","11":"taxable","12":"shipping-taxable","13":"purchasable","14":"product-type-simple"},"acf":[],"aioseo_notices":[],"_links":{"self":[{"href":"https:\/\/silenthome.com\/en\/wp-json\/wp\/v2\/product\/11597","targetHints":{"allow":["GET"]}}],"collection":[{"href":"https:\/\/silenthome.com\/en\/wp-json\/wp\/v2\/product"}],"about":[{"href":"https:\/\/silenthome.com\/en\/wp-json\/wp\/v2\/types\/product"}],"replies":[{"embeddable":true,"href":"https:\/\/silenthome.com\/en\/wp-json\/wp\/v2\/comments?post=11597"}],"wp:featuredmedia":[{"embeddable":true,"href":"https:\/\/silenthome.com\/en\/wp-json\/wp\/v2\/media\/11630"}],"wp:attachment":[{"href":"https:\/\/silenthome.com\/en\/wp-json\/wp\/v2\/media?parent=11597"}],"wp:term":[{"taxonomy":"product_brand","embeddable":true,"href":"https:\/\/silenthome.com\/en\/wp-json\/wp\/v2\/product_brand?post=11597"},{"taxonomy":"product_cat","embeddable":true,"href":"https:\/\/silenthome.com\/en\/wp-json\/wp\/v2\/product_cat?post=11597"},{"taxonomy":"product_tag","embeddable":true,"href":"https:\/\/silenthome.com\/en\/wp-json\/wp\/v2\/product_tag?post=11597"}],"curies":[{"name":"wp","href":"https:\/\/api.w.org\/{rel}","templated":true}]}}