{"id":11595,"date":"2026-04-07T16:16:10","date_gmt":"2026-04-07T15:16:10","guid":{"rendered":"https:\/\/silenthome.com\/produto\/difusor-women-500-ml-baobab-collection\/"},"modified":"2026-04-10T18:32:15","modified_gmt":"2026-04-10T17:32:15","slug":"difusor-women-500-ml-baobab-collection","status":"publish","type":"product","link":"https:\/\/silenthome.com\/en\/product\/difusor-women-500-ml-baobab-collection\/","title":{"rendered":"Women's Diffuser 500 ML Baobab Collection"},"content":{"rendered":"","protected":false},"excerpt":{"rendered":"<p>O difusor de fragr\u00e2ncias para casa Women \u00e9 decorado com uma elegante serigrafia em ouro 24 quilates e rosa claro, com um motivo que remete ao s\u00edmbolo da feminilidade.<\/p>\n<p>*O perfume e os bast\u00f5es est\u00e3o inclu\u00eddos.<\/p>\n<p>19 cm | 500 ml<\/p>\n<p>Notas ofativas: Magn\u00f3ia, Rosa e Alm\u00edscar<\/p>","protected":false},"featured_media":11628,"comment_status":"open","ping_status":"closed","template":"","meta":{"_acf_changed":false},"product_brand":[],"product_cat":[54,52],"product_tag":[],"class_list":{"0":"post-11595","1":"product","2":"type-product","3":"status-publish","4":"has-post-thumbnail","6":"product_cat-difusores","7":"product_cat-fragrancias","9":"first","10":"instock","11":"taxable","12":"shipping-taxable","13":"purchasable","14":"product-type-simple"},"acf":[],"aioseo_notices":[],"_links":{"self":[{"href":"https:\/\/silenthome.com\/en\/wp-json\/wp\/v2\/product\/11595","targetHints":{"allow":["GET"]}}],"collection":[{"href":"https:\/\/silenthome.com\/en\/wp-json\/wp\/v2\/product"}],"about":[{"href":"https:\/\/silenthome.com\/en\/wp-json\/wp\/v2\/types\/product"}],"replies":[{"embeddable":true,"href":"https:\/\/silenthome.com\/en\/wp-json\/wp\/v2\/comments?post=11595"}],"wp:featuredmedia":[{"embeddable":true,"href":"https:\/\/silenthome.com\/en\/wp-json\/wp\/v2\/media\/11628"}],"wp:attachment":[{"href":"https:\/\/silenthome.com\/en\/wp-json\/wp\/v2\/media?parent=11595"}],"wp:term":[{"taxonomy":"product_brand","embeddable":true,"href":"https:\/\/silenthome.com\/en\/wp-json\/wp\/v2\/product_brand?post=11595"},{"taxonomy":"product_cat","embeddable":true,"href":"https:\/\/silenthome.com\/en\/wp-json\/wp\/v2\/product_cat?post=11595"},{"taxonomy":"product_tag","embeddable":true,"href":"https:\/\/silenthome.com\/en\/wp-json\/wp\/v2\/product_tag?post=11595"}],"curies":[{"name":"wp","href":"https:\/\/api.w.org\/{rel}","templated":true}]}}