{"id":11536,"date":"2026-04-01T16:53:11","date_gmt":"2026-04-01T15:53:11","guid":{"rendered":"https:\/\/silenthome.com\/produto\/sabonete-basil-mandarin-cereria-molla-1899\/"},"modified":"2026-04-22T14:25:56","modified_gmt":"2026-04-22T13:25:56","slug":"sabonete-basil-mandarin-cereria-molla-1899","status":"publish","type":"product","link":"https:\/\/silenthome.com\/en\/product\/sabonete-basil-mandarin-cereria-molla-1899\/","title":{"rendered":"Cereria Moll\u00e1 1899 Basil &amp; Mandarin Soap"},"content":{"rendered":"","protected":false},"excerpt":{"rendered":"<p>Desfrute de uma experi\u00eancia refrescante com a nossa barra de sabonete s\u00f3lido, um mimo di\u00e1rio que encanta os seus sentidos e cuida da sua pele com ingredientes naturais cuidadosamente selecionados.<\/p>\n<p>Nossa f\u00f3rmula sem \u00f3leo de palma \u00e9 enriquecida com a riqueza do \u00f3leo de coco e a suavidade da manteiga de karit\u00e9, desenvolvida para limpar delicadamente a pele enquanto a nutre profundamente.<\/p>\n<p>Cada utiliza\u00e7\u00e3o \u00e9 uma oportunidade para mimar o corpo e as m\u00e3os com carinho e amor, gra\u00e7as \u00e0 nossa combina\u00e7\u00e3o especializada de ingredientes que garantem uma pele cuidada, nutrida e radiante.<\/p>\n<p>Nosso sabonete perfumado, Manjeric\u00e3o e Tangerina, combina um turbilh\u00e3o de c\u00edtricos refrescantes com a eleg\u00e2ncia do jasmim branco, acentuado por toques de cardamomo e Chypre que adicionam profundidade e aconchego a esta composi\u00e7\u00e3o \u00fanica.<\/p>\n<p>Citrus notes of lemon, lime and tangerine with hints of ivy and white jasmine.<\/p>","protected":false},"featured_media":11585,"comment_status":"open","ping_status":"closed","template":"","meta":{"_acf_changed":false},"product_brand":[],"product_cat":[57,52],"product_tag":[],"class_list":{"0":"post-11536","1":"product","2":"type-product","3":"status-publish","4":"has-post-thumbnail","6":"product_cat-cosmeticos","7":"product_cat-fragrancias","9":"first","10":"instock","11":"taxable","12":"shipping-taxable","13":"purchasable","14":"product-type-simple"},"acf":[],"aioseo_notices":[],"_links":{"self":[{"href":"https:\/\/silenthome.com\/en\/wp-json\/wp\/v2\/product\/11536","targetHints":{"allow":["GET"]}}],"collection":[{"href":"https:\/\/silenthome.com\/en\/wp-json\/wp\/v2\/product"}],"about":[{"href":"https:\/\/silenthome.com\/en\/wp-json\/wp\/v2\/types\/product"}],"replies":[{"embeddable":true,"href":"https:\/\/silenthome.com\/en\/wp-json\/wp\/v2\/comments?post=11536"}],"wp:featuredmedia":[{"embeddable":true,"href":"https:\/\/silenthome.com\/en\/wp-json\/wp\/v2\/media\/11585"}],"wp:attachment":[{"href":"https:\/\/silenthome.com\/en\/wp-json\/wp\/v2\/media?parent=11536"}],"wp:term":[{"taxonomy":"product_brand","embeddable":true,"href":"https:\/\/silenthome.com\/en\/wp-json\/wp\/v2\/product_brand?post=11536"},{"taxonomy":"product_cat","embeddable":true,"href":"https:\/\/silenthome.com\/en\/wp-json\/wp\/v2\/product_cat?post=11536"},{"taxonomy":"product_tag","embeddable":true,"href":"https:\/\/silenthome.com\/en\/wp-json\/wp\/v2\/product_tag?post=11536"}],"curies":[{"name":"wp","href":"https:\/\/api.w.org\/{rel}","templated":true}]}}