{"id":11532,"date":"2026-04-01T16:53:09","date_gmt":"2026-04-01T15:53:09","guid":{"rendered":"https:\/\/silenthome.com\/produto\/sabonete-liquido-basil-mandarin-500ml-cerereia-molla-1899\/"},"modified":"2026-04-22T14:25:59","modified_gmt":"2026-04-22T13:25:59","slug":"sabonete-liquido-basil-mandarin-500ml-cerereia-molla-1899","status":"publish","type":"product","link":"https:\/\/silenthome.com\/en\/product\/sabonete-liquido-basil-mandarin-500ml-cerereia-molla-1899\/","title":{"rendered":"CEREIA MOLL\u00c1 1899 BASIL &amp; MANDARIN LIQUID SOAP 500ML"},"content":{"rendered":"","protected":false},"excerpt":{"rendered":"<p>Desfrute de uma limpeza revitalizante com nosso sabonete l\u00edquido para corpo e m\u00e3os de 500 ml, enriquecido com os poderosos benef\u00edcios da chia, do ginseng e da manteiga de karit\u00e9.<\/p>\n<p>Esta f\u00f3rmula requintada \u00e9 livre de \u00f3leos minerais e silicones, proporcionando uma limpeza suave enquanto deixa a sua pele irresistivelmente perfumada com uma fragr\u00e2ncia explosiva e cheia de vitalidade. As notas c\u00edtricas de lim\u00e3o, lima e tangerina transportam voc\u00ea para um jardim ensolarado, enquanto toques de hera e jasmim branco adicionam um toque de frescor e eleg\u00e2ncia.<\/p>\n<p>Apresentado em um elegante frasco de pl\u00e1stico com dispensador, este sabonete perfumado \u00e9 um complemento essencial para sua rotina di\u00e1ria de cuidados com o corpo.<\/p>\n<p>Citrus notes of lemon, lime and tangerine with hints of ivy and white jasmine.<\/p>","protected":false},"featured_media":11586,"comment_status":"open","ping_status":"closed","template":"","meta":{"_acf_changed":false},"product_brand":[],"product_cat":[57,52],"product_tag":[],"class_list":{"0":"post-11532","1":"product","2":"type-product","3":"status-publish","4":"has-post-thumbnail","6":"product_cat-cosmeticos","7":"product_cat-fragrancias","9":"first","10":"instock","11":"taxable","12":"shipping-taxable","13":"purchasable","14":"product-type-simple"},"acf":[],"aioseo_notices":[],"_links":{"self":[{"href":"https:\/\/silenthome.com\/en\/wp-json\/wp\/v2\/product\/11532","targetHints":{"allow":["GET"]}}],"collection":[{"href":"https:\/\/silenthome.com\/en\/wp-json\/wp\/v2\/product"}],"about":[{"href":"https:\/\/silenthome.com\/en\/wp-json\/wp\/v2\/types\/product"}],"replies":[{"embeddable":true,"href":"https:\/\/silenthome.com\/en\/wp-json\/wp\/v2\/comments?post=11532"}],"wp:featuredmedia":[{"embeddable":true,"href":"https:\/\/silenthome.com\/en\/wp-json\/wp\/v2\/media\/11586"}],"wp:attachment":[{"href":"https:\/\/silenthome.com\/en\/wp-json\/wp\/v2\/media?parent=11532"}],"wp:term":[{"taxonomy":"product_brand","embeddable":true,"href":"https:\/\/silenthome.com\/en\/wp-json\/wp\/v2\/product_brand?post=11532"},{"taxonomy":"product_cat","embeddable":true,"href":"https:\/\/silenthome.com\/en\/wp-json\/wp\/v2\/product_cat?post=11532"},{"taxonomy":"product_tag","embeddable":true,"href":"https:\/\/silenthome.com\/en\/wp-json\/wp\/v2\/product_tag?post=11532"}],"curies":[{"name":"wp","href":"https:\/\/api.w.org\/{rel}","templated":true}]}}